{"id":11536,"date":"2021-04-16T18:35:19","date_gmt":"2021-04-16T18:35:19","guid":{"rendered":"http:\/\/colegiodelapurisima.cl\/colegio-pc\/?page_id=11536"},"modified":"2023-06-16T11:01:06","modified_gmt":"2023-06-16T15:01:06","slug":"equipo-directivo","status":"publish","type":"page","link":"https:\/\/colegiodelapurisima.cl\/colegio-pc\/area-academica\/equipo-directivo\/","title":{"rendered":"Equipo directivo"},"content":{"rendered":"<div class=\"fusion-fullwidth fullwidth-box fusion-builder-row-1 fusion-flex-container nonhundred-percent-fullwidth non-hundred-percent-height-scrolling\" style=\"background-color: rgba(255,255,255,0);background-position: center center;background-repeat: no-repeat;border-width: 0px 0px 0px 0px;border-color:#eae9e9;border-style:solid;\" ><div class=\"fusion-builder-row fusion-row fusion-flex-align-items-flex-start\" style=\"max-width:1144px;margin-left: calc(-4% \/ 2 );margin-right: calc(-4% \/ 2 );\"><div class=\"fusion-layout-column fusion_builder_column fusion-builder-column-0 fusion_builder_column_1_1 1_1 fusion-flex-column\"><div class=\"fusion-column-wrapper fusion-flex-justify-content-flex-start fusion-content-layout-column\" style=\"background-position:left top;background-repeat:no-repeat;-webkit-background-size:cover;-moz-background-size:cover;-o-background-size:cover;background-size:cover;padding: 0px 0px 0px 0px;\"><div class=\"fusion-text fusion-text-1\"><p><span style=\"font-weight: 400;\">El equipo directivo est\u00e1 integrado por la Directora, Inspector General, Coordinadora de Pastoral y Jefe de la Unidad Tecnico Pedag\u00f3gica, que en conjunto lideran la experiencia educativa, siendo promotores de una cultura organizacional basada en la colaboraci\u00f3n, la comunicaci\u00f3n, el compromiso y la institucionalizaci\u00f3n de las acciones.<\/span>\n<p><span style=\"font-weight: 400;\">Deber\u00e1n promover una cultura escolar que permita el desarrollo del sentido de pertenencia e identidad de parte de todos los integrantes de la comunidad educativa; generando espacios de participaci\u00f3n que les permita informarse, discutir y asumir roles, funciones y responsabilidades en torno a la consecuci\u00f3n de metas y objetivos en com\u00fan. <\/span><\/p>\n<\/div><\/div><style type=\"text\/css\">.fusion-body .fusion-builder-column-0{width:100% !important;margin-top : 0px;margin-bottom : 0px;}.fusion-builder-column-0 > .fusion-column-wrapper {padding-top : 0px !important;padding-right : 0px !important;margin-right : 1.92%;padding-bottom : 0px !important;padding-left : 0px !important;margin-left : 1.92%;}@media only screen and (max-width:1024px) {.fusion-body .fusion-builder-column-0{width:100% !important;}.fusion-builder-column-0 > .fusion-column-wrapper {margin-right : 1.92%;margin-left : 1.92%;}}@media only screen and (max-width:640px) {.fusion-body .fusion-builder-column-0{width:100% !important;}.fusion-builder-column-0 > .fusion-column-wrapper {margin-right : 1.92%;margin-left : 1.92%;}}<\/style><\/div><\/div><style type=\"text\/css\">.fusion-body .fusion-flex-container.fusion-builder-row-1{ padding-top : 0px;margin-top : 0px;padding-right : 0px;padding-bottom : 0px;margin-bottom : 0px;padding-left : 0px;}<\/style><\/div>\n","protected":false},"excerpt":{"rendered":"","protected":false},"author":1,"featured_media":0,"parent":11415,"menu_order":0,"comment_status":"closed","ping_status":"closed","template":"left-side-navigation.php","meta":{"footnotes":""},"class_list":["post-11536","page","type-page","status-publish","hentry"],"_links":{"self":[{"href":"https:\/\/colegiodelapurisima.cl\/colegio-pc\/wp-json\/wp\/v2\/pages\/11536","targetHints":{"allow":["GET"]}}],"collection":[{"href":"https:\/\/colegiodelapurisima.cl\/colegio-pc\/wp-json\/wp\/v2\/pages"}],"about":[{"href":"https:\/\/colegiodelapurisima.cl\/colegio-pc\/wp-json\/wp\/v2\/types\/page"}],"author":[{"embeddable":true,"href":"https:\/\/colegiodelapurisima.cl\/colegio-pc\/wp-json\/wp\/v2\/users\/1"}],"replies":[{"embeddable":true,"href":"https:\/\/colegiodelapurisima.cl\/colegio-pc\/wp-json\/wp\/v2\/comments?post=11536"}],"version-history":[{"count":4,"href":"https:\/\/colegiodelapurisima.cl\/colegio-pc\/wp-json\/wp\/v2\/pages\/11536\/revisions"}],"predecessor-version":[{"id":14584,"href":"https:\/\/colegiodelapurisima.cl\/colegio-pc\/wp-json\/wp\/v2\/pages\/11536\/revisions\/14584"}],"up":[{"embeddable":true,"href":"https:\/\/colegiodelapurisima.cl\/colegio-pc\/wp-json\/wp\/v2\/pages\/11415"}],"wp:attachment":[{"href":"https:\/\/colegiodelapurisima.cl\/colegio-pc\/wp-json\/wp\/v2\/media?parent=11536"}],"curies":[{"name":"wp","href":"https:\/\/api.w.org\/{rel}","templated":true}]}}