{"id":11530,"date":"2021-04-16T18:33:28","date_gmt":"2021-04-16T18:33:28","guid":{"rendered":"http:\/\/colegiodelapurisima.cl\/colegio-pc\/?page_id=11530"},"modified":"2021-06-08T02:44:52","modified_gmt":"2021-06-08T02:44:52","slug":"enfermeria","status":"publish","type":"page","link":"https:\/\/colegiodelapurisima.cl\/colegio-pc\/area-formativa\/enfermeria\/","title":{"rendered":"Enfermer\u00eda"},"content":{"rendered":"<div class=\"fusion-fullwidth fullwidth-box fusion-builder-row-1 fusion-flex-container nonhundred-percent-fullwidth non-hundred-percent-height-scrolling\" style=\"background-color: rgba(255,255,255,0);background-position: center center;background-repeat: no-repeat;border-width: 0px 0px 0px 0px;border-color:#eae9e9;border-style:solid;\" ><div class=\"fusion-builder-row fusion-row fusion-flex-align-items-flex-start\" style=\"max-width:1144px;margin-left: calc(-4% \/ 2 );margin-right: calc(-4% \/ 2 );\"><div class=\"fusion-layout-column fusion_builder_column fusion-builder-column-0 fusion_builder_column_1_1 1_1 fusion-flex-column\"><div class=\"fusion-column-wrapper fusion-flex-justify-content-flex-start fusion-content-layout-column\" style=\"background-position:left top;background-repeat:no-repeat;-webkit-background-size:cover;-moz-background-size:cover;-o-background-size:cover;background-size:cover;padding: 0px 0px 0px 0px;\"><div class=\"fusion-text fusion-text-1\"><\/div><div class=\"fusion-text fusion-text-2\"><p>La Enfermer\u00eda es una parte integral del sistema de atenci\u00f3n de salud que abarca la promoci\u00f3n de la salud, la prevenci\u00f3n de las enfermedades y los cuidados que se prestan a quienes padecen enfermedades f\u00edsicas, mentales o quienes se ven enfrentados a situaciones de urgencia, siempre desarrollando estas funciones dentro de un contexto seguro tanto para el profesional como para la persona que es atendida.<\/p>\n<p>La Enfermera, que es qui\u00e9n dirige \u00e9sta \u00e1rea, es una persona que est\u00e1 autorizada por la Superintendencia de Salud para ejercer la Enfermer\u00eda, ya que cuenta con los a\u00f1os de preparaci\u00f3n solicitados y los conocimientos b\u00e1sicos y cient\u00edficos para desarrollarse en los diferentes \u00e1mbitos antes mencionados. Por ende, su funci\u00f3n primordial radica en el cuidado de las personas sanas o enfermas, evaluando sus respuestas frente a una situaci\u00f3n de salud\u00a0 y ayud\u00e1ndolas a recuperarse hasta lograr su reinserci\u00f3n total en sus actividades habituales.<\/p>\n<p>En nuestra comunidad educativa, la enfermer\u00eda abarca la atenci\u00f3n aut\u00f3noma y en colaboraci\u00f3n a personas de todas las edades y en todas circunstancias, incluyendo a preescolares, escolares, adolescentes y adultos que as\u00ed lo necesiten.<\/p>\n<p>Debido al contexto de salud actual, la Sala de Enfermer\u00eda se encuentra dividida en dos Box separados f\u00edsicamente en:<\/p>\n<ol>\n<li><strong>Enfermer\u00eda No Covid: <\/strong>m\u00e1s bien conocida como Enfermer\u00eda Tradicional que se encarga de la promoci\u00f3n de salud, prevenci\u00f3n de enfermedades y atenci\u00f3n inmediata de casos no respiratorios o accidentes que se presenten en el Colegio (en personas de todas las edades), otorgando primeros auxilios b\u00e1sicos o activando el protocolo de accidente escolar seg\u00fan corresponda. Adem\u00e1s, se pueden administrar medicamentos para estudiantes que padezcan de alguna enfermedad de base, con previa receta m\u00e9dica y autorizaci\u00f3n de los apoderados.<\/li>\n<\/ol>\n<ol start=\"2\">\n<li><strong>Enfermer\u00eda Covid:<\/strong> se encarga de la educaci\u00f3n y prevenci\u00f3n del Coronavirus, adem\u00e1s de aislar y otorgar una atenci\u00f3n inmediata a casos respiratorios que sean sospechosos de Covid-19, con el fin de aplicar el protocolo correspondiente y evitar as\u00ed un posible brote de diseminaci\u00f3n del virus dentro del establecimiento. Dentro de este contexto, se utilizan todas las medidas sanitarias y de seguridad correspondientes, priorizando el uso de elementos de protecci\u00f3n por parte del personal que all\u00ed trabaje.<\/li>\n<\/ol>\n<p><img decoding=\"async\" class=\"size-medium wp-image-12209 aligncenter\" src=\"http:\/\/colegiodelapurisima.cl\/colegio-pc\/wp-content\/uploads\/2021\/06\/enfermera-219x300.jpg\" alt=\"\" width=\"219\" height=\"300\" srcset=\"https:\/\/colegiodelapurisima.cl\/colegio-pc\/wp-content\/uploads\/2021\/06\/enfermera-200x274.jpg 200w, https:\/\/colegiodelapurisima.cl\/colegio-pc\/wp-content\/uploads\/2021\/06\/enfermera-219x300.jpg 219w, https:\/\/colegiodelapurisima.cl\/colegio-pc\/wp-content\/uploads\/2021\/06\/enfermera-400x547.jpg 400w, https:\/\/colegiodelapurisima.cl\/colegio-pc\/wp-content\/uploads\/2021\/06\/enfermera-600x821.jpg 600w, https:\/\/colegiodelapurisima.cl\/colegio-pc\/wp-content\/uploads\/2021\/06\/enfermera-749x1024.jpg 749w, https:\/\/colegiodelapurisima.cl\/colegio-pc\/wp-content\/uploads\/2021\/06\/enfermera-768x1050.jpg 768w, https:\/\/colegiodelapurisima.cl\/colegio-pc\/wp-content\/uploads\/2021\/06\/enfermera-800x1094.jpg 800w, https:\/\/colegiodelapurisima.cl\/colegio-pc\/wp-content\/uploads\/2021\/06\/enfermera-1123x1536.jpg 1123w, https:\/\/colegiodelapurisima.cl\/colegio-pc\/wp-content\/uploads\/2021\/06\/enfermera-1200x1641.jpg 1200w, https:\/\/colegiodelapurisima.cl\/colegio-pc\/wp-content\/uploads\/2021\/06\/enfermera-1497x2048.jpg 1497w, https:\/\/colegiodelapurisima.cl\/colegio-pc\/wp-content\/uploads\/2021\/06\/enfermera.jpg 1732w\" sizes=\"(max-width: 219px) 100vw, 219px\" \/><\/p>\n<p style=\"text-align: center;\">javiera.lagos@correocpc.cl<\/p>\n<\/div><\/div><style type=\"text\/css\">.fusion-body .fusion-builder-column-0{width:100% !important;margin-top : 0px;margin-bottom : 0px;}.fusion-builder-column-0 > .fusion-column-wrapper {padding-top : 0px !important;padding-right : 0px !important;margin-right : 1.92%;padding-bottom : 0px !important;padding-left : 0px !important;margin-left : 1.92%;}@media only screen and (max-width:1024px) {.fusion-body .fusion-builder-column-0{width:100% !important;}.fusion-builder-column-0 > .fusion-column-wrapper {margin-right : 1.92%;margin-left : 1.92%;}}@media only screen and (max-width:640px) {.fusion-body .fusion-builder-column-0{width:100% !important;}.fusion-builder-column-0 > .fusion-column-wrapper {margin-right : 1.92%;margin-left : 1.92%;}}<\/style><\/div><\/div><style type=\"text\/css\">.fusion-body .fusion-flex-container.fusion-builder-row-1{ padding-top : 0px;margin-top : 0px;padding-right : 0px;padding-bottom : 0px;margin-bottom : 0px;padding-left : 0px;}<\/style><\/div>\n","protected":false},"excerpt":{"rendered":"","protected":false},"author":1,"featured_media":0,"parent":11417,"menu_order":0,"comment_status":"closed","ping_status":"closed","template":"left-side-navigation.php","meta":{"footnotes":""},"class_list":["post-11530","page","type-page","status-publish","hentry"],"_links":{"self":[{"href":"https:\/\/colegiodelapurisima.cl\/colegio-pc\/wp-json\/wp\/v2\/pages\/11530","targetHints":{"allow":["GET"]}}],"collection":[{"href":"https:\/\/colegiodelapurisima.cl\/colegio-pc\/wp-json\/wp\/v2\/pages"}],"about":[{"href":"https:\/\/colegiodelapurisima.cl\/colegio-pc\/wp-json\/wp\/v2\/types\/page"}],"author":[{"embeddable":true,"href":"https:\/\/colegiodelapurisima.cl\/colegio-pc\/wp-json\/wp\/v2\/users\/1"}],"replies":[{"embeddable":true,"href":"https:\/\/colegiodelapurisima.cl\/colegio-pc\/wp-json\/wp\/v2\/comments?post=11530"}],"version-history":[{"count":3,"href":"https:\/\/colegiodelapurisima.cl\/colegio-pc\/wp-json\/wp\/v2\/pages\/11530\/revisions"}],"predecessor-version":[{"id":12210,"href":"https:\/\/colegiodelapurisima.cl\/colegio-pc\/wp-json\/wp\/v2\/pages\/11530\/revisions\/12210"}],"up":[{"embeddable":true,"href":"https:\/\/colegiodelapurisima.cl\/colegio-pc\/wp-json\/wp\/v2\/pages\/11417"}],"wp:attachment":[{"href":"https:\/\/colegiodelapurisima.cl\/colegio-pc\/wp-json\/wp\/v2\/media?parent=11530"}],"curies":[{"name":"wp","href":"https:\/\/api.w.org\/{rel}","templated":true}]}}