{"id":11421,"date":"2021-04-16T17:02:21","date_gmt":"2021-04-16T17:02:21","guid":{"rendered":"http:\/\/colegiodelapurisima.cl\/colegio-pc\/?page_id=11421"},"modified":"2024-12-20T07:54:18","modified_gmt":"2024-12-20T11:54:18","slug":"nuestra-historia","status":"publish","type":"page","link":"https:\/\/colegiodelapurisima.cl\/colegio-pc\/colegio-2-2\/nuestra-historia\/","title":{"rendered":"Nuestra historia"},"content":{"rendered":"<div class=\"fusion-fullwidth fullwidth-box fusion-builder-row-1 fusion-flex-container nonhundred-percent-fullwidth non-hundred-percent-height-scrolling\" style=\"background-color: rgba(255,255,255,0);background-position: center center;background-repeat: no-repeat;border-width: 0px 0px 0px 0px;border-color:#eae9e9;border-style:solid;\" ><div class=\"fusion-builder-row fusion-row fusion-flex-align-items-stretch fusion-flex-justify-content-center\" style=\"max-width:1144px;margin-left: calc(-4% \/ 2 );margin-right: calc(-4% \/ 2 );\"><div class=\"fusion-layout-column fusion_builder_column fusion-builder-column-0 fusion_builder_column_1_1 1_1 fusion-flex-column\"><div class=\"fusion-column-wrapper fusion-flex-justify-content-flex-start fusion-content-layout-column\" style=\"background-position:left top;background-repeat:no-repeat;-webkit-background-size:cover;-moz-background-size:cover;-o-background-size:cover;background-size:cover;padding: 0px 0px 0px 0px;\"><center>\u00a0\n<blockquote class=\"instagram-media\" style=\"background: #FFF; border: 0; border-radius: 3px; box-shadow: 0 0 1px 0 rgba(0,0,0,0.5),0 1px 10px 0 rgba(0,0,0,0.15); margin: 1px; max-width: 540px; min-width: 326px; padding: 0; width: calc(100% - 2px);\" data-instgrm-captioned=\"\" data-instgrm-permalink=\"https:\/\/www.instagram.com\/reel\/C-nxuWAOlVj\/?utm_source=ig_embed&utm_campaign=loading\" data-instgrm-version=\"14\">\n<div style=\"padding: 16px;\">\n\n\u00a0\n<div style=\"display: flex; flex-direction: row; align-items: center;\">\n<div style=\"background-color: #f4f4f4; border-radius: 50%; flex-grow: 0; height: 40px; margin-right: 14px; width: 40px;\"><\/div>\n<div style=\"display: flex; flex-direction: column; flex-grow: 1; justify-content: center;\">\n<div style=\"background-color: #f4f4f4; border-radius: 4px; flex-grow: 0; height: 14px; margin-bottom: 6px; width: 100px;\"><\/div>\n<div style=\"background-color: #f4f4f4; border-radius: 4px; flex-grow: 0; height: 14px; width: 60px;\"><\/div>\n<\/div>\n<\/div>\n<div style=\"padding: 19% 0;\"><\/div>\n<div style=\"display: block; height: 50px; margin: 0 auto 12px; width: 50px;\"><\/div>\n<div style=\"padding-top: 8px;\">\n<div style=\"color: #3897f0; font-family: Arial,sans-serif; font-size: 14px; font-style: normal; font-weight: 550; line-height: 18px;\">Ver esta publicaci\u00f3n en Instagram<\/div>\n<\/div>\n<div style=\"padding: 12.5% 0;\"><\/div>\n<div style=\"display: flex; flex-direction: row; margin-bottom: 14px; align-items: center;\">\n<div>\n<div style=\"background-color: #f4f4f4; border-radius: 50%; height: 12.5px; width: 12.5px; transform: translateX(0px) translateY(7px);\"><\/div>\n<div style=\"background-color: #f4f4f4; height: 12.5px; transform: rotate(-45deg) translateX(3px) translateY(1px); width: 12.5px; flex-grow: 0; margin-right: 14px; margin-left: 2px;\"><\/div>\n<div style=\"background-color: #f4f4f4; border-radius: 50%; height: 12.5px; width: 12.5px; transform: translateX(9px) translateY(-18px);\"><\/div>\n<\/div>\n<div style=\"margin-left: 8px;\">\n<div style=\"background-color: #f4f4f4; border-radius: 50%; flex-grow: 0; height: 20px; width: 20px;\"><\/div>\n<div style=\"width: 0; height: 0; border-top: 2px solid transparent; border-left: 6px solid #f4f4f4; border-bottom: 2px solid transparent; transform: translateX(16px) translateY(-4px) rotate(30deg);\"><\/div>\n<\/div>\n<div style=\"margin-left: auto;\">\n<div style=\"width: 0px; border-top: 8px solid #F4F4F4; border-right: 8px solid transparent; transform: translateY(16px);\"><\/div>\n<div style=\"background-color: #f4f4f4; flex-grow: 0; height: 12px; width: 16px; transform: translateY(-4px);\"><\/div>\n<div style=\"width: 0; height: 0; border-top: 8px solid #F4F4F4; border-left: 8px solid transparent; transform: translateY(-4px) translateX(8px);\"><\/div>\n<\/div>\n<\/div>\n<div style=\"display: flex; flex-direction: column; flex-grow: 1; justify-content: center; margin-bottom: 24px;\">\n<div style=\"background-color: #f4f4f4; border-radius: 4px; flex-grow: 0; height: 14px; margin-bottom: 6px; width: 224px;\"><\/div>\n<div style=\"background-color: #f4f4f4; border-radius: 4px; flex-grow: 0; height: 14px; width: 144px;\"><\/div>\n<\/div>\n\u00a0\n<p style=\"color: #c9c8cd; font-family: Arial,sans-serif; font-size: 14px; line-height: 17px; margin-bottom: 0; margin-top: 8px; overflow: hidden; padding: 8px 0 7px; text-align: center; text-overflow: ellipsis; white-space: nowrap;\"><a style=\"color: #c9c8cd; font-family: Arial,sans-serif; font-size: 14px; font-style: normal; font-weight: normal; line-height: 17px; text-decoration: none;\" href=\"https:\/\/www.instagram.com\/reel\/C-nxuWAOlVj\/?utm_source=ig_embed&utm_campaign=loading\" target=\"_blank\" rel=\"noopener\">Una publicaci\u00f3n compartida por Pur\u00edsima Concepci\u00f3n de Chill\u00e1n (@colegiodelapurisima)<\/a><\/p>\n\n<\/div><\/blockquote>\n<script async src=\"\/\/www.instagram.com\/embed.js\"><\/script>\n  <\/center><div class=\"fusion-text fusion-text-1\"><p><span style=\"font-weight: 400;\">A mediados del siglo XIX (1836) la distinguida chillaneja, do\u00f1a Mar\u00eda Juana Gregoria Irizar Arrau, y otras mujeres como Mar\u00eda Magdalena del Pilar Amun\u00e1tegui, Mar\u00eda Cruz Arrau, Mar\u00eda Mercedes Rioseco, se empe\u00f1aron en fundar un monasterio de religiosas en la nueva ciudad de Chill\u00e1n a cargo de la \u201cCongregaci\u00f3n de la Pur\u00edsima Concepci\u00f3n\u201d, la que desde su aprobaci\u00f3n por la Iglesia Cat\u00f3lica ha tenido como carisma o distintivo fundamental la educaci\u00f3n y como elemento representativo su obra educacional, hoy el Colegio de la Pur\u00edsima Concepci\u00f3n.<\/span>\n<p><span style=\"font-weight: 400;\">La idea de fundaci\u00f3n s\u00f3lo se comienza a concretar en 1839 cuando do\u00f1a Mar\u00eda Juana don\u00f3 sus bienes para la construcci\u00f3n del Monasterio junto al cual funcionar\u00eda una escuela, estableciendo entre otras condiciones el que ella fuese admitida en el claustro. Entre los bienes donados estaban la manzana en que hoy funciona el Colegio y la casa mayor de la Congregaci\u00f3n. Ante la idea de fundaci\u00f3n del Monasterio, la Municipalidad de Chill\u00e1n contribuy\u00f3 cediendo la manzana siguiente en direcci\u00f3n este. <\/span><\/p>\n<p><span style=\"font-weight: 400;\">Do\u00f1a Mar\u00eda Juana no s\u00f3lo gestion\u00f3 el espacio f\u00edsico para instalar el Monasterio, adem\u00e1s logr\u00f3 que, en 1840, Monse\u00f1or Diego Alonso de Elizondo Prado, Obispo electo de Concepci\u00f3n, otorgara una favorable acogida a la idea de dicha fundaci\u00f3n. Al a\u00f1o siguiente el Gobierno de Chile otorg\u00f3 la licencia correspondiente y el a\u00f1o 1852 la Santa Sede permiti\u00f3 al Obispo erigir can\u00f3nicamente la nueva Congregaci\u00f3n de la Pur\u00edsima Concepci\u00f3n. En el intertanto Monse\u00f1or de Elizondo falleci\u00f3, nombr\u00e1ndose un nuevo Obispo de Concepci\u00f3n, Monse\u00f1or Jos\u00e9 Hip\u00f3lito Salas y Toro, quien debi\u00f3 solicitar nuevamente a Roma la facultad de proceder a la elecci\u00f3n can\u00f3nica, la que le fue concedida el 27 de julio de 1857.<\/span><\/p>\n<p><span style=\"font-weight: 400;\">La nueva Congregaci\u00f3n nace oficialmente el d\u00eda 1 de diciembre de 1859, pasan algunos a\u00f1os y es as\u00ed como en 1867 se inicia la ense\u00f1anza fund\u00e1ndose una escuela gratuita para ni\u00f1as, convirti\u00e9ndose en la instituci\u00f3n educativa para mujeres m\u00e1s antigua de la ciudad.<\/span><\/p>\n<p><span style=\"font-weight: 400;\"> Dicha escuela fue altamente considerada por la sociedad de la \u00e9poca, el n\u00famero de estudiantes crec\u00eda cada d\u00eda. Es por ello, que ocho a\u00f1os m\u00e1s tarde, en 1875 se crea el Colegio de la Pur\u00edsima Concepci\u00f3n con el fin de dar continuidad de estudios, proporcionando <\/span><i><span style=\"font-weight: 400;\">pupilaje<\/span><\/i><span style=\"font-weight: 400;\">, lo que hoy se conoce como matr\u00edcula regular; medio<\/span><i><span style=\"font-weight: 400;\"> pupilaje<\/span><\/i><span style=\"font-weight: 400;\">, matr\u00edcula con almuerzo e <\/span><i><span style=\"font-weight: 400;\">internado<\/span><\/i><span style=\"font-weight: 400;\">, lugar dentro del mismo establecimiento, donde las estudiantes se quedaban a dormir y recib\u00edan alimentaci\u00f3n completa, debido que muchas ni\u00f1as viv\u00edan en lugares apartados de la Provincia, incluso desde Argentina. <\/span><\/p>\n<p><span style=\"font-weight: 400;\">En ese entonces la Escuela y el Colegio funcionaban juntos ocupando toda la manzana, siendo un edificio de dos pisos. Sin embargo, todo el esfuerzo realizado por a\u00f1os se vio derrumbado por el violento terremoto de 1939, que fue sin duda alguna, el mayor traspi\u00e9s que haya sufrido la gran obra de la Congregaci\u00f3n. Los embistes de la naturaleza, no pudieron con el coraje de las esforzadas religiosas, quienes ese mismo a\u00f1o continuaron con la ense\u00f1anza en peque\u00f1os grupos de estudiantes. Con el correr de los a\u00f1os se juntaron nuevos recursos, el vasto edificio volvi\u00f3 a ser reconstruido.<\/span><\/p>\n<p><span style=\"font-weight: 400;\">En 1980 se llev\u00f3 a cabo lo que por mucho tiempo se anhelaba, la fusi\u00f3n de ambos establecimientos educacionales, uniendo la Escuela Particular N\u00b03 de la Pur\u00edsima Concepci\u00f3n con el Colegio que de ella surgi\u00f3 como Colegio de la Pur\u00edsima Concepci\u00f3n, ambos de la Congregaci\u00f3n con el mismo nombre. Con esto desaparece la escuela, la que fue obra de un deseo profundo de la madre fundadora Mar\u00eda Juana Gregoria Irizar Arrau y Monse\u00f1or Jos\u00e9 Hip\u00f3lito Salas y Toro, quien la apoy\u00f3 en cada una de sus gestiones.<\/span><\/p>\n<p><span style=\"font-weight: 400;\">Cabe se\u00f1alar que durante los a\u00f1os 1968 y 1987 aproximadamente el colegio recibi\u00f3 estudiantes varones. Durante el segundo per\u00edodo de Madre Teresa Arellano Castro como superiora de la Congregaci\u00f3n se cre\u00f3 el Hogar de Ni\u00f1as de Pemuco y se construy\u00f3 la nueva casa de la comunidad, lugar donde a\u00fan residen las religiosas.<\/span><\/p>\n<\/div><\/div><style type=\"text\/css\">.fusion-body .fusion-builder-column-0{width:100% !important;margin-top : 0px;margin-bottom : 0px;}.fusion-builder-column-0 > .fusion-column-wrapper {padding-top : 0px !important;padding-right : 0px !important;margin-right : 1.92%;padding-bottom : 0px !important;padding-left : 0px !important;margin-left : 1.92%;}@media only screen and (max-width:1024px) {.fusion-body .fusion-builder-column-0{width:100% !important;}.fusion-builder-column-0 > .fusion-column-wrapper {margin-right : 1.92%;margin-left : 1.92%;}}@media only screen and (max-width:640px) {.fusion-body .fusion-builder-column-0{width:100% !important;}.fusion-builder-column-0 > .fusion-column-wrapper {margin-right : 1.92%;margin-left : 1.92%;}}<\/style><\/div><\/div><style type=\"text\/css\">.fusion-body .fusion-flex-container.fusion-builder-row-1{ padding-top : 0px;margin-top : 0px;padding-right : 0px;padding-bottom : 0px;margin-bottom : 0px;padding-left : 0px;}<\/style><\/div>\n","protected":false},"excerpt":{"rendered":"","protected":false},"author":1,"featured_media":0,"parent":11431,"menu_order":0,"comment_status":"closed","ping_status":"closed","template":"left-side-navigation.php","meta":{"footnotes":""},"class_list":["post-11421","page","type-page","status-publish","hentry"],"_links":{"self":[{"href":"https:\/\/colegiodelapurisima.cl\/colegio-pc\/wp-json\/wp\/v2\/pages\/11421","targetHints":{"allow":["GET"]}}],"collection":[{"href":"https:\/\/colegiodelapurisima.cl\/colegio-pc\/wp-json\/wp\/v2\/pages"}],"about":[{"href":"https:\/\/colegiodelapurisima.cl\/colegio-pc\/wp-json\/wp\/v2\/types\/page"}],"author":[{"embeddable":true,"href":"https:\/\/colegiodelapurisima.cl\/colegio-pc\/wp-json\/wp\/v2\/users\/1"}],"replies":[{"embeddable":true,"href":"https:\/\/colegiodelapurisima.cl\/colegio-pc\/wp-json\/wp\/v2\/comments?post=11421"}],"version-history":[{"count":16,"href":"https:\/\/colegiodelapurisima.cl\/colegio-pc\/wp-json\/wp\/v2\/pages\/11421\/revisions"}],"predecessor-version":[{"id":16045,"href":"https:\/\/colegiodelapurisima.cl\/colegio-pc\/wp-json\/wp\/v2\/pages\/11421\/revisions\/16045"}],"up":[{"embeddable":true,"href":"https:\/\/colegiodelapurisima.cl\/colegio-pc\/wp-json\/wp\/v2\/pages\/11431"}],"wp:attachment":[{"href":"https:\/\/colegiodelapurisima.cl\/colegio-pc\/wp-json\/wp\/v2\/media?parent=11421"}],"curies":[{"name":"wp","href":"https:\/\/api.w.org\/{rel}","templated":true}]}}